{"id":6,"date":"2021-01-23T19:00:03","date_gmt":"2021-01-23T18:00:03","guid":{"rendered":"http:\/\/anekobi.cluster030.hosting.ovh.net\/?page_id=6"},"modified":"2024-10-27T11:09:08","modified_gmt":"2024-10-27T10:09:08","slug":"le-nouveau-e-mucem-ouvre-ses-portes-2","status":"publish","type":"page","link":"http:\/\/aneko.be\/","title":{"rendered":""},"content":{"rendered":"<div class=\"wp-block-image\">\n<figure class=\"alignright size-large is-resized\"><img decoding=\"async\" loading=\"lazy\" src=\"http:\/\/anekobi.cluster030.hosting.ovh.net\/wp-content\/uploads\/2021\/01\/Anna.jpg\" alt=\"\" class=\"wp-image-97\" width=\"191\" height=\"301\" srcset=\"http:\/\/anekobi.cluster030.hosting.ovh.net\/wp-content\/uploads\/2021\/01\/Anna.jpg 356w, http:\/\/anekobi.cluster030.hosting.ovh.net\/wp-content\/uploads\/2021\/01\/Anna-191x300.jpg 191w\" sizes=\"(max-width: 191px) 100vw, 191px\" \/><\/figure><\/div>\n\n\n<div class=\"is-layout-flow wp-block-group\"><div class=\"wp-block-group__inner-container\">\n<p class=\"has-drop-cap has-text-color\" style=\"color:#f3cd75\">Je m\u2019appelle Anna.<\/p>\n\n\n\n<p class=\"has-text-color\" style=\"color:#f3cd75\">J&rsquo;ai travaill\u00e9 14 ans dans les salons de coiffure : chez Dessange Wavre et chez Planet coiffure Genval o\u00f9 j&rsquo;\u00e9tais \u00e9galement responsable.<\/p>\n\n\n\n<p class=\"has-text-color\" style=\"color:#f3cd75\">Ces ann\u00e9es de travail et de formations m&rsquo;ont permis d&rsquo;acqu\u00e9rir une grande expertise professionnelle afin de satisfaire au mieux les exigences et les souhaits de la client\u00e8le.<\/p>\n\n\n\n<p class=\"has-text-color\" style=\"color:#f3cd75\">Aujourd&rsquo;hui, j&rsquo;avais envie de voler de mes propres ailes et d&rsquo;ouvrir mon salon dans lequel je vous accueillerai avec plaisir et d\u00e9contraction.<\/p>\n\n\n\n<p class=\"has-text-color\" style=\"color:#f3cd75\">Je vous attends avec un &nbsp;grand plaisir.<\/p>\n\n\n\n<p> <\/p>\n<\/div><\/div>\n\n\n\n<p class=\"has-background-color has-text-color\">wXCVcw<\/p>\n\n\n\n<p><\/p>\n\n\n\n<div class=\"is-layout-flow wp-block-group\"><div class=\"wp-block-group__inner-container\">\n<div class=\"is-content-justification-center is-layout-flex wp-container-2 wp-block-buttons\">\n<div class=\"wp-block-button\"><a class=\"wp-block-button__link wp-element-button\" href=\"https:\/\/www.planity.com\/fr-BE\/aneko-1490-court-st-etienne\">PRENDRE RENDEZ_VOUS<\/a><\/div>\n<\/div>\n\n\n\n<p class=\"has-background-color has-background-background-color has-text-color has-background\">    ddjjgd<\/p>\n\n\n\n<p class=\"has-background-color has-background-background-color has-text-color has-background\">ddjdhj<\/p>\n\n\n\n<p class=\"has-background-color has-background-background-color has-text-color has-background\">djdhj<\/p>\n\n\n\n<p>                 <\/p>\n\n\n\n<p>           <\/p>\n\n\n\n<p>   <\/p>\n\n\n\n<p>   <\/p>\n<\/div><\/div>\n\n\n\n<p><\/p>\n\n\n\n<div class=\"is-layout-flex wp-block-buttons\">\n\n\n\n\n\n<\/div>\n","protected":false},"excerpt":{"rendered":"<p>Je m\u2019appelle Anna. J&rsquo;ai travaill\u00e9 14 ans dans les salons de coiffure : chez Dessange Wavre et chez Planet coiffure Genval o\u00f9 j&rsquo;\u00e9tais \u00e9galement responsable. Ces ann\u00e9es de travail et de formations m&rsquo;ont permis d&rsquo;acqu\u00e9rir une grande expertise professionnelle afin de satisfaire au mieux les exigences et les souhaits de la client\u00e8le. Aujourd&rsquo;hui, j&rsquo;avais envie [&hellip;]<\/p>\n","protected":false},"author":1,"featured_media":59,"parent":0,"menu_order":0,"comment_status":"closed","ping_status":"closed","template":"","meta":[],"_links":{"self":[{"href":"http:\/\/aneko.be\/index.php\/wp-json\/wp\/v2\/pages\/6"}],"collection":[{"href":"http:\/\/aneko.be\/index.php\/wp-json\/wp\/v2\/pages"}],"about":[{"href":"http:\/\/aneko.be\/index.php\/wp-json\/wp\/v2\/types\/page"}],"author":[{"embeddable":true,"href":"http:\/\/aneko.be\/index.php\/wp-json\/wp\/v2\/users\/1"}],"replies":[{"embeddable":true,"href":"http:\/\/aneko.be\/index.php\/wp-json\/wp\/v2\/comments?post=6"}],"version-history":[{"count":38,"href":"http:\/\/aneko.be\/index.php\/wp-json\/wp\/v2\/pages\/6\/revisions"}],"predecessor-version":[{"id":185,"href":"http:\/\/aneko.be\/index.php\/wp-json\/wp\/v2\/pages\/6\/revisions\/185"}],"wp:featuredmedia":[{"embeddable":true,"href":"http:\/\/aneko.be\/index.php\/wp-json\/wp\/v2\/media\/59"}],"wp:attachment":[{"href":"http:\/\/aneko.be\/index.php\/wp-json\/wp\/v2\/media?parent=6"}],"curies":[{"name":"wp","href":"https:\/\/api.w.org\/{rel}","templated":true}]}}